{"id":758,"date":"2023-08-10T10:37:57","date_gmt":"2023-08-10T03:37:57","guid":{"rendered":"https:\/\/transover.com.vn\/?page_id=758"},"modified":"2023-08-10T15:05:51","modified_gmt":"2023-08-10T08:05:51","slug":"%e3%82%a2%e3%82%af%e3%82%bb%e3%82%b9","status":"publish","type":"page","link":"https:\/\/transover.com.vn\/vi\/%e3%82%a2%e3%82%af%e3%82%bb%e3%82%b9\/","title":{"rendered":"TR\u1ee4 S\u1ede"},"content":{"rendered":"<div data-elementor-type=\"wp-page\" data-elementor-id=\"758\" class=\"elementor elementor-758\">\n\t\t\t\t\t\t\t\t\t<section class=\"elementor-section elementor-top-section elementor-element elementor-element-796649a elementor-section-height-min-height elementor-section-items-stretch elementor-section-boxed elementor-section-height-default\" data-id=\"796649a\" data-element_type=\"section\">\n\t\t\t\t\t\t<div class=\"elementor-container elementor-column-gap-default\">\n\t\t\t\t\t<div class=\"elementor-column elementor-col-100 elementor-top-column elementor-element elementor-element-cac2c39\" data-id=\"cac2c39\" data-element_type=\"column\" data-settings=\"{&quot;background_background&quot;:&quot;classic&quot;}\">\n\t\t\t<div class=\"elementor-widget-wrap elementor-element-populated\">\n\t\t\t\t\t\t\t\t\t<\/div>\n\t\t<\/div>\n\t\t\t\t\t\t\t<\/div>\n\t\t<\/section>\n\t\t\t\t<section class=\"elementor-section elementor-top-section elementor-element elementor-element-9d004fb elementor-section-boxed elementor-section-height-default elementor-section-height-default\" data-id=\"9d004fb\" data-element_type=\"section\">\n\t\t\t\t\t\t<div class=\"elementor-container elementor-column-gap-default\">\n\t\t\t\t\t<div class=\"elementor-column elementor-col-50 elementor-top-column elementor-element elementor-element-ad00750\" data-id=\"ad00750\" data-element_type=\"column\">\n\t\t\t<div class=\"elementor-widget-wrap elementor-element-populated\">\n\t\t\t\t\t\t\t\t<div class=\"elementor-element elementor-element-84a9d6a elementor-widget elementor-widget-heading\" data-id=\"84a9d6a\" data-element_type=\"widget\" data-widget_type=\"heading.default\">\n\t\t\t\t<div class=\"elementor-widget-container\">\n\t\t\t<style>\/*! elementor - v3.14.0 - 26-06-2023 *\/\n.elementor-heading-title{padding:0;margin:0;line-height:1}.elementor-widget-heading .elementor-heading-title[class*=elementor-size-]>a{color:inherit;font-size:inherit;line-height:inherit}.elementor-widget-heading .elementor-heading-title.elementor-size-small{font-size:15px}.elementor-widget-heading .elementor-heading-title.elementor-size-medium{font-size:19px}.elementor-widget-heading .elementor-heading-title.elementor-size-large{font-size:29px}.elementor-widget-heading .elementor-heading-title.elementor-size-xl{font-size:39px}.elementor-widget-heading .elementor-heading-title.elementor-size-xxl{font-size:59px}<\/style><h2 class=\"elementor-heading-title elementor-size-default\">TRANSOVER CO.,LTD.\n<\/h2>\t\t<\/div>\n\t\t\t\t<\/div>\n\t\t\t\t<div class=\"elementor-element elementor-element-0343a05 elementor-widget elementor-widget-heading\" data-id=\"0343a05\" data-element_type=\"widget\" data-widget_type=\"heading.default\">\n\t\t\t\t<div class=\"elementor-widget-container\">\n\t\t\t<div class=\"elementor-heading-title elementor-size-default\">C\u01a1 quan t\u1ea1o b\u1ea3n v\u1ebd CAD, c\u01a1 quan BIM\/CIM<\/div>\t\t<\/div>\n\t\t\t\t<\/div>\n\t\t\t\t<div class=\"elementor-element elementor-element-ebdbc47 elementor-icon-list--layout-traditional elementor-list-item-link-full_width elementor-widget elementor-widget-icon-list\" data-id=\"ebdbc47\" data-element_type=\"widget\" data-widget_type=\"icon-list.default\">\n\t\t\t\t<div class=\"elementor-widget-container\">\n\t\t\t<link rel=\"stylesheet\" href=\"https:\/\/transover.com.vn\/wp-content\/plugins\/elementor\/assets\/css\/widget-icon-list.min.css\">\t\t<ul class=\"elementor-icon-list-items\">\n\t\t\t\t\t\t\t<li class=\"elementor-icon-list-item\">\n\t\t\t\t\t\t\t\t\t\t\t<span class=\"elementor-icon-list-icon\">\n\t\t\t\t\t\t\t<i aria-hidden=\"true\" class=\"fas fa-home\"><\/i>\t\t\t\t\t\t<\/span>\n\t\t\t\t\t\t\t\t\t\t<span class=\"elementor-icon-list-text\">7F DETECH TOWER \u2161, 107 Nguy\u1ec5n Phong S\u1eafc, P.D\u1ecbch V\u1ecdng H\u1eadu, Q. C\u1ea7u Gi\u1ea5y, TP. H\u00e0 N\u1ed9i<\/span>\n\t\t\t\t\t\t\t\t\t<\/li>\n\t\t\t\t\t\t\t\t<li class=\"elementor-icon-list-item\">\n\t\t\t\t\t\t\t\t\t\t\t<span class=\"elementor-icon-list-icon\">\n\t\t\t\t\t\t\t<i aria-hidden=\"true\" class=\"far fa-hand-point-right\"><\/i>\t\t\t\t\t\t<\/span>\n\t\t\t\t\t\t\t\t\t\t<span class=\"elementor-icon-list-text\">~35 ph\u00fat t\u1eeb s\u00e2n bay qu\u1ed1c t\u1ebf N\u1ed9i B\u00e0i<\/span>\n\t\t\t\t\t\t\t\t\t<\/li>\n\t\t\t\t\t\t\t\t<li class=\"elementor-icon-list-item\">\n\t\t\t\t\t\t\t\t\t\t\t<span class=\"elementor-icon-list-icon\">\n\t\t\t\t\t\t\t<i aria-hidden=\"true\" class=\"far fa-hand-point-right\"><\/i>\t\t\t\t\t\t<\/span>\n\t\t\t\t\t\t\t\t\t\t<span class=\"elementor-icon-list-text\">Ph\u00eda T\u00e2y trung t\u00e2m th\u00e0nh ph\u1ed1 H\u00e0 N\u1ed9i (ti\u1ec3u trung t\u00e2m n\u01a1i c\u00e1c v\u0103n ph\u00f2ng c\u00f4ng ty m\u1edbi chuy\u1ec3n \u0111\u1ebfn)<\/span>\n\t\t\t\t\t\t\t\t\t<\/li>\n\t\t\t\t\t\t\t\t<li class=\"elementor-icon-list-item\">\n\t\t\t\t\t\t\t\t\t\t\t<span class=\"elementor-icon-list-icon\">\n\t\t\t\t\t\t\t<i aria-hidden=\"true\" class=\"far fa-hand-point-right\"><\/i>\t\t\t\t\t\t<\/span>\n\t\t\t\t\t\t\t\t\t\t<span class=\"elementor-icon-list-text\">\u30cf\u30ce\u30a4\u56fd\u5bb6\u5927\u5b66\u30fb\u30cf\u30ce\u30a4\u6559\u80b2\u5927\u5b66\u306a\u3069 \u6559\u80b2\u5730\u57df\u3067\u3082\u3042\u308b\u3002<\/span>\n\t\t\t\t\t\t\t\t\t<\/li>\n\t\t\t\t\t\t\t\t<li class=\"elementor-icon-list-item\">\n\t\t\t\t\t\t\t\t\t\t\t<a href=\"tel:02466579594\">\n\n\t\t\t\t\t\t\t\t\t\t\t\t<span class=\"elementor-icon-list-icon\">\n\t\t\t\t\t\t\t<i aria-hidden=\"true\" class=\"far fa-hand-point-right\"><\/i>\t\t\t\t\t\t<\/span>\n\t\t\t\t\t\t\t\t\t\t<span class=\"elementor-icon-list-text\">Hotline: +84(0)2466579594<\/span>\n\t\t\t\t\t\t\t\t\t\t\t<\/a>\n\t\t\t\t\t\t\t\t\t<\/li>\n\t\t\t\t\t\t\t\t<li class=\"elementor-icon-list-item\">\n\t\t\t\t\t\t\t\t\t\t\t<a href=\"tel:0988237877\">\n\n\t\t\t\t\t\t\t\t\t\t\t\t<span class=\"elementor-icon-list-icon\">\n\t\t\t\t\t\t\t<i aria-hidden=\"true\" class=\"far fa-hand-point-right\"><\/i>\t\t\t\t\t\t<\/span>\n\t\t\t\t\t\t\t\t\t\t<span class=\"elementor-icon-list-text\">M\/P (Nh\u1eadt) +84 988 23 7877<\/span>\n\t\t\t\t\t\t\t\t\t\t\t<\/a>\n\t\t\t\t\t\t\t\t\t<\/li>\n\t\t\t\t\t\t<\/ul>\n\t\t\t\t<\/div>\n\t\t\t\t<\/div>\n\t\t\t\t\t<\/div>\n\t\t<\/div>\n\t\t\t\t<div class=\"elementor-column elementor-col-50 elementor-top-column elementor-element elementor-element-4f42749\" data-id=\"4f42749\" data-element_type=\"column\" data-settings=\"{&quot;background_background&quot;:&quot;classic&quot;}\">\n\t\t\t<div class=\"elementor-widget-wrap elementor-element-populated\">\n\t\t\t\t\t\t\t\t<div class=\"elementor-element elementor-element-4263494 elementor-widget elementor-widget-spacer\" data-id=\"4263494\" data-element_type=\"widget\" data-widget_type=\"spacer.default\">\n\t\t\t\t<div class=\"elementor-widget-container\">\n\t\t\t<style>\/*! elementor - v3.14.0 - 26-06-2023 *\/\n.elementor-column .elementor-spacer-inner{height:var(--spacer-size)}.e-con{--container-widget-width:100%}.e-con-inner>.elementor-widget-spacer,.e-con>.elementor-widget-spacer{width:var(--container-widget-width,var(--spacer-size));--align-self:var(--container-widget-align-self,initial);--flex-shrink:0}.e-con-inner>.elementor-widget-spacer>.elementor-widget-container,.e-con-inner>.elementor-widget-spacer>.elementor-widget-container>.elementor-spacer,.e-con>.elementor-widget-spacer>.elementor-widget-container,.e-con>.elementor-widget-spacer>.elementor-widget-container>.elementor-spacer{height:100%}.e-con-inner>.elementor-widget-spacer>.elementor-widget-container>.elementor-spacer>.elementor-spacer-inner,.e-con>.elementor-widget-spacer>.elementor-widget-container>.elementor-spacer>.elementor-spacer-inner{height:var(--container-widget-height,var(--spacer-size))}<\/style>\t\t<div class=\"elementor-spacer\">\n\t\t\t<div class=\"elementor-spacer-inner\"><\/div>\n\t\t<\/div>\n\t\t\t\t<\/div>\n\t\t\t\t<\/div>\n\t\t\t\t\t<\/div>\n\t\t<\/div>\n\t\t\t\t\t\t\t<\/div>\n\t\t<\/section>\n\t\t\t\t<section class=\"elementor-section elementor-top-section elementor-element elementor-element-88bcf5c elementor-section-boxed elementor-section-height-default elementor-section-height-default\" data-id=\"88bcf5c\" data-element_type=\"section\">\n\t\t\t\t\t\t<div class=\"elementor-container elementor-column-gap-default\">\n\t\t\t\t\t<div class=\"elementor-column elementor-col-50 elementor-top-column elementor-element elementor-element-05a8b95\" data-id=\"05a8b95\" data-element_type=\"column\">\n\t\t\t<div class=\"elementor-widget-wrap elementor-element-populated\">\n\t\t\t\t\t\t\t\t<div class=\"elementor-element elementor-element-b335d87 elementor-widget elementor-widget-heading\" data-id=\"b335d87\" data-element_type=\"widget\" data-widget_type=\"heading.default\">\n\t\t\t\t<div class=\"elementor-widget-container\">\n\t\t\t<h2 class=\"elementor-heading-title elementor-size-default\">MAP TRANSOVER CO.,LTD.<\/h2>\t\t<\/div>\n\t\t\t\t<\/div>\n\t\t\t\t<div class=\"elementor-element elementor-element-5043d98 elementor-widget-divider--view-line elementor-widget elementor-widget-divider\" data-id=\"5043d98\" data-element_type=\"widget\" data-widget_type=\"divider.default\">\n\t\t\t\t<div class=\"elementor-widget-container\">\n\t\t\t<style>\/*! elementor - v3.14.0 - 26-06-2023 *\/\n.elementor-widget-divider{--divider-border-style:none;--divider-border-width:1px;--divider-color:#0c0d0e;--divider-icon-size:20px;--divider-element-spacing:10px;--divider-pattern-height:24px;--divider-pattern-size:20px;--divider-pattern-url:none;--divider-pattern-repeat:repeat-x}.elementor-widget-divider .elementor-divider{display:flex}.elementor-widget-divider .elementor-divider__text{font-size:15px;line-height:1;max-width:95%}.elementor-widget-divider .elementor-divider__element{margin:0 var(--divider-element-spacing);flex-shrink:0}.elementor-widget-divider .elementor-icon{font-size:var(--divider-icon-size)}.elementor-widget-divider .elementor-divider-separator{display:flex;margin:0;direction:ltr}.elementor-widget-divider--view-line_icon .elementor-divider-separator,.elementor-widget-divider--view-line_text .elementor-divider-separator{align-items:center}.elementor-widget-divider--view-line_icon .elementor-divider-separator:after,.elementor-widget-divider--view-line_icon .elementor-divider-separator:before,.elementor-widget-divider--view-line_text .elementor-divider-separator:after,.elementor-widget-divider--view-line_text .elementor-divider-separator:before{display:block;content:\"\";border-bottom:0;flex-grow:1;border-top:var(--divider-border-width) var(--divider-border-style) var(--divider-color)}.elementor-widget-divider--element-align-left .elementor-divider .elementor-divider-separator>.elementor-divider__svg:first-of-type{flex-grow:0;flex-shrink:100}.elementor-widget-divider--element-align-left .elementor-divider-separator:before{content:none}.elementor-widget-divider--element-align-left .elementor-divider__element{margin-left:0}.elementor-widget-divider--element-align-right .elementor-divider .elementor-divider-separator>.elementor-divider__svg:last-of-type{flex-grow:0;flex-shrink:100}.elementor-widget-divider--element-align-right .elementor-divider-separator:after{content:none}.elementor-widget-divider--element-align-right .elementor-divider__element{margin-right:0}.elementor-widget-divider:not(.elementor-widget-divider--view-line_text):not(.elementor-widget-divider--view-line_icon) .elementor-divider-separator{border-top:var(--divider-border-width) var(--divider-border-style) var(--divider-color)}.elementor-widget-divider--separator-type-pattern{--divider-border-style:none}.elementor-widget-divider--separator-type-pattern.elementor-widget-divider--view-line .elementor-divider-separator,.elementor-widget-divider--separator-type-pattern:not(.elementor-widget-divider--view-line) .elementor-divider-separator:after,.elementor-widget-divider--separator-type-pattern:not(.elementor-widget-divider--view-line) .elementor-divider-separator:before,.elementor-widget-divider--separator-type-pattern:not([class*=elementor-widget-divider--view]) .elementor-divider-separator{width:100%;min-height:var(--divider-pattern-height);-webkit-mask-size:var(--divider-pattern-size) 100%;mask-size:var(--divider-pattern-size) 100%;-webkit-mask-repeat:var(--divider-pattern-repeat);mask-repeat:var(--divider-pattern-repeat);background-color:var(--divider-color);-webkit-mask-image:var(--divider-pattern-url);mask-image:var(--divider-pattern-url)}.elementor-widget-divider--no-spacing{--divider-pattern-size:auto}.elementor-widget-divider--bg-round{--divider-pattern-repeat:round}.rtl .elementor-widget-divider .elementor-divider__text{direction:rtl}.e-con-inner>.elementor-widget-divider,.e-con>.elementor-widget-divider{width:var(--container-widget-width,100%);--flex-grow:var(--container-widget-flex-grow)}<\/style>\t\t<div class=\"elementor-divider\">\n\t\t\t<span class=\"elementor-divider-separator\">\n\t\t\t\t\t\t<\/span>\n\t\t<\/div>\n\t\t\t\t<\/div>\n\t\t\t\t<\/div>\n\t\t\t\t<div class=\"elementor-element elementor-element-d76f4a8 elementor-widget elementor-widget-heading\" data-id=\"d76f4a8\" data-element_type=\"widget\" data-widget_type=\"heading.default\">\n\t\t\t\t<div class=\"elementor-widget-container\">\n\t\t\t<p class=\"elementor-heading-title elementor-size-default\"><iframe src=\"https:\/\/www.google.com\/maps\/embed?pb=!1m18!1m12!1m3!1d3723.7961039093457!2d105.78761747508125!3d21.040842880611525!2m3!1f0!2f0!3f0!3m2!1i1024!2i768!4f13.1!3m3!1m2!1s0x3135abec62623f71%3A0x7e4df981f7b983b6!2sDetech%20Tower%202!5e0!3m2!1svi!2s!4v1691638021919!5m2!1svi!2s\" width=\"600\" height=\"330\" style=\"border:0;\" allowfullscreen=\"\" loading=\"lazy\" referrerpolicy=\"no-referrer-when-downgrade\"><\/iframe><\/p>\t\t<\/div>\n\t\t\t\t<\/div>\n\t\t\t\t\t<\/div>\n\t\t<\/div>\n\t\t\t\t<div class=\"elementor-column elementor-col-50 elementor-top-column elementor-element elementor-element-52f0651\" data-id=\"52f0651\" data-element_type=\"column\">\n\t\t\t<div class=\"elementor-widget-wrap elementor-element-populated\">\n\t\t\t\t\t\t\t\t<div class=\"elementor-element elementor-element-48c33e8 elementor-widget elementor-widget-heading\" data-id=\"48c33e8\" data-element_type=\"widget\" data-widget_type=\"heading.default\">\n\t\t\t\t<div class=\"elementor-widget-container\">\n\t\t\t<h2 class=\"elementor-heading-title elementor-size-default\">SOLID TRANSOVER CO.,LTD. LAYOUT<\/h2>\t\t<\/div>\n\t\t\t\t<\/div>\n\t\t\t\t<div class=\"elementor-element elementor-element-d4a9188 elementor-widget-divider--view-line elementor-widget elementor-widget-divider\" data-id=\"d4a9188\" data-element_type=\"widget\" data-widget_type=\"divider.default\">\n\t\t\t\t<div class=\"elementor-widget-container\">\n\t\t\t\t\t<div class=\"elementor-divider\">\n\t\t\t<span class=\"elementor-divider-separator\">\n\t\t\t\t\t\t<\/span>\n\t\t<\/div>\n\t\t\t\t<\/div>\n\t\t\t\t<\/div>\n\t\t\t\t<div class=\"elementor-element elementor-element-b734328 elementor-widget elementor-widget-image\" data-id=\"b734328\" data-element_type=\"widget\" data-widget_type=\"image.default\">\n\t\t\t\t<div class=\"elementor-widget-container\">\n\t\t\t<style>\/*! elementor - v3.14.0 - 26-06-2023 *\/\n.elementor-widget-image{text-align:center}.elementor-widget-image a{display:inline-block}.elementor-widget-image a img[src$=\".svg\"]{width:48px}.elementor-widget-image img{vertical-align:middle;display:inline-block}<\/style>\t\t\t\t\t\t\t\t\t\t\t\t<img loading=\"lazy\" decoding=\"async\" width=\"972\" height=\"428\" src=\"https:\/\/transover.com.vn\/wp-content\/uploads\/2023\/08\/layout.png\" class=\"attachment-full size-full wp-image-775\" alt=\"\" \/>\t\t\t\t\t\t\t\t\t\t\t\t\t\t\t<\/div>\n\t\t\t\t<\/div>\n\t\t\t\t\t<\/div>\n\t\t<\/div>\n\t\t\t\t\t\t\t<\/div>\n\t\t<\/section>\n\t\t\t\t\t\t\t<\/div>","protected":false},"excerpt":{"rendered":"<p>TRANSOVER CO.,LTD. CAD\u56f3\u9762\u4f5c\u6210\u4ee3\u884c\u30fbBIM\/CIM \u4ee3\u884c 7F DETECH TOWER [&hellip;]<\/p>","protected":false},"author":1,"featured_media":0,"parent":0,"menu_order":0,"comment_status":"closed","ping_status":"closed","template":"","meta":{"footnotes":""},"class_list":["post-758","page","type-page","status-publish","hentry"],"yoast_head":"<!-- This site is optimized with the Yoast SEO plugin v21.3 - https:\/\/yoast.com\/wordpress\/plugins\/seo\/ -->\n<title>\u30a2\u30af\u30bb\u30b9 - TRANSOVER CO.,LTD.<\/title>\n<meta name=\"robots\" content=\"index, follow, max-snippet:-1, max-image-preview:large, max-video-preview:-1\" \/>\n<link rel=\"canonical\" href=\"http:\/\/transover.com.vn\/vi\/\u30a2\u30af\u30bb\u30b9\/\" \/>\n<meta property=\"og:locale\" content=\"vi_VN\" \/>\n<meta property=\"og:type\" content=\"article\" \/>\n<meta property=\"og:title\" content=\"\u30a2\u30af\u30bb\u30b9 - TRANSOVER CO.,LTD.\" \/>\n<meta property=\"og:description\" content=\"TRANSOVER CO.,LTD. CAD\u56f3\u9762\u4f5c\u6210\u4ee3\u884c\u30fbBIM\/CIM \u4ee3\u884c 7F DETECH TOWER [&hellip;]\" \/>\n<meta property=\"og:url\" content=\"http:\/\/transover.com.vn\/vi\/\u30a2\u30af\u30bb\u30b9\/\" \/>\n<meta property=\"og:site_name\" content=\"TRANSOVER CO.,LTD.\" \/>\n<meta property=\"article:modified_time\" content=\"2023-08-10T08:05:51+00:00\" \/>\n<meta property=\"og:image\" content=\"http:\/\/transover.com.vn\/wp-content\/uploads\/2023\/08\/layout.png\" \/>\n<meta name=\"twitter:card\" content=\"summary_large_image\" \/>\n<meta name=\"twitter:label1\" content=\"\u01af\u1edbc t\u00ednh th\u1eddi gian \u0111\u1ecdc\" \/>\n\t<meta name=\"twitter:data1\" content=\"1 ph\u00fat\" \/>\n<script type=\"application\/ld+json\" class=\"yoast-schema-graph\">{\"@context\":\"https:\/\/schema.org\",\"@graph\":[{\"@type\":\"WebPage\",\"@id\":\"http:\/\/transover.com.vn\/vi\/%e3%82%a2%e3%82%af%e3%82%bb%e3%82%b9\/\",\"url\":\"http:\/\/transover.com.vn\/vi\/%e3%82%a2%e3%82%af%e3%82%bb%e3%82%b9\/\",\"name\":\"\u30a2\u30af\u30bb\u30b9 - TRANSOVER CO.,LTD.\",\"isPartOf\":{\"@id\":\"http:\/\/transover.com.vn\/#website\"},\"datePublished\":\"2023-08-10T03:37:57+00:00\",\"dateModified\":\"2023-08-10T08:05:51+00:00\",\"breadcrumb\":{\"@id\":\"http:\/\/transover.com.vn\/vi\/%e3%82%a2%e3%82%af%e3%82%bb%e3%82%b9\/#breadcrumb\"},\"inLanguage\":\"vi\",\"potentialAction\":[{\"@type\":\"ReadAction\",\"target\":[\"http:\/\/transover.com.vn\/vi\/%e3%82%a2%e3%82%af%e3%82%bb%e3%82%b9\/\"]}]},{\"@type\":\"BreadcrumbList\",\"@id\":\"http:\/\/transover.com.vn\/vi\/%e3%82%a2%e3%82%af%e3%82%bb%e3%82%b9\/#breadcrumb\",\"itemListElement\":[{\"@type\":\"ListItem\",\"position\":1,\"name\":\"Trang ch\u1ee7\",\"item\":\"http:\/\/transover.com.vn\/\"},{\"@type\":\"ListItem\",\"position\":2,\"name\":\"\u30a2\u30af\u30bb\u30b9\"}]},{\"@type\":\"WebSite\",\"@id\":\"http:\/\/transover.com.vn\/#website\",\"url\":\"http:\/\/transover.com.vn\/\",\"name\":\"TRANSOVER CO.,LTD.\",\"description\":\"\",\"publisher\":{\"@id\":\"http:\/\/transover.com.vn\/#organization\"},\"potentialAction\":[{\"@type\":\"SearchAction\",\"target\":{\"@type\":\"EntryPoint\",\"urlTemplate\":\"http:\/\/transover.com.vn\/?s={search_term_string}\"},\"query-input\":\"required name=search_term_string\"}],\"inLanguage\":\"vi\"},{\"@type\":\"Organization\",\"@id\":\"http:\/\/transover.com.vn\/#organization\",\"name\":\"TRANSOVER CO.,LTD.\",\"url\":\"http:\/\/transover.com.vn\/\",\"logo\":{\"@type\":\"ImageObject\",\"inLanguage\":\"vi\",\"@id\":\"http:\/\/transover.com.vn\/#\/schema\/logo\/image\/\",\"url\":\"http:\/\/transover.com.vn\/wp-content\/uploads\/2023\/07\/tourgolf-07-02.jpg\",\"contentUrl\":\"http:\/\/transover.com.vn\/wp-content\/uploads\/2023\/07\/tourgolf-07-02.jpg\",\"width\":1860,\"height\":702,\"caption\":\"TRANSOVER CO.,LTD.\"},\"image\":{\"@id\":\"http:\/\/transover.com.vn\/#\/schema\/logo\/image\/\"}}]}<\/script>\n<!-- \/ Yoast SEO plugin. -->","yoast_head_json":{"title":"\u30a2\u30af\u30bb\u30b9 - TRANSOVER CO.,LTD.","robots":{"index":"index","follow":"follow","max-snippet":"max-snippet:-1","max-image-preview":"max-image-preview:large","max-video-preview":"max-video-preview:-1"},"canonical":"http:\/\/transover.com.vn\/vi\/\u30a2\u30af\u30bb\u30b9\/","og_locale":"vi_VN","og_type":"article","og_title":"\u30a2\u30af\u30bb\u30b9 - TRANSOVER CO.,LTD.","og_description":"TRANSOVER CO.,LTD. CAD\u56f3\u9762\u4f5c\u6210\u4ee3\u884c\u30fbBIM\/CIM \u4ee3\u884c 7F DETECH TOWER [&hellip;]","og_url":"http:\/\/transover.com.vn\/vi\/\u30a2\u30af\u30bb\u30b9\/","og_site_name":"TRANSOVER CO.,LTD.","article_modified_time":"2023-08-10T08:05:51+00:00","og_image":[{"url":"http:\/\/transover.com.vn\/wp-content\/uploads\/2023\/08\/layout.png"}],"twitter_card":"summary_large_image","twitter_misc":{"\u01af\u1edbc t\u00ednh th\u1eddi gian \u0111\u1ecdc":"1 ph\u00fat"},"schema":{"@context":"https:\/\/schema.org","@graph":[{"@type":"WebPage","@id":"http:\/\/transover.com.vn\/vi\/%e3%82%a2%e3%82%af%e3%82%bb%e3%82%b9\/","url":"http:\/\/transover.com.vn\/vi\/%e3%82%a2%e3%82%af%e3%82%bb%e3%82%b9\/","name":"\u30a2\u30af\u30bb\u30b9 - TRANSOVER CO.,LTD.","isPartOf":{"@id":"http:\/\/transover.com.vn\/#website"},"datePublished":"2023-08-10T03:37:57+00:00","dateModified":"2023-08-10T08:05:51+00:00","breadcrumb":{"@id":"http:\/\/transover.com.vn\/vi\/%e3%82%a2%e3%82%af%e3%82%bb%e3%82%b9\/#breadcrumb"},"inLanguage":"vi","potentialAction":[{"@type":"ReadAction","target":["http:\/\/transover.com.vn\/vi\/%e3%82%a2%e3%82%af%e3%82%bb%e3%82%b9\/"]}]},{"@type":"BreadcrumbList","@id":"http:\/\/transover.com.vn\/vi\/%e3%82%a2%e3%82%af%e3%82%bb%e3%82%b9\/#breadcrumb","itemListElement":[{"@type":"ListItem","position":1,"name":"Trang ch\u1ee7","item":"http:\/\/transover.com.vn\/"},{"@type":"ListItem","position":2,"name":"\u30a2\u30af\u30bb\u30b9"}]},{"@type":"WebSite","@id":"http:\/\/transover.com.vn\/#website","url":"http:\/\/transover.com.vn\/","name":"TRANSOVER CO.,LTD.","description":"","publisher":{"@id":"http:\/\/transover.com.vn\/#organization"},"potentialAction":[{"@type":"SearchAction","target":{"@type":"EntryPoint","urlTemplate":"http:\/\/transover.com.vn\/?s={search_term_string}"},"query-input":"required name=search_term_string"}],"inLanguage":"vi"},{"@type":"Organization","@id":"http:\/\/transover.com.vn\/#organization","name":"TRANSOVER CO.,LTD.","url":"http:\/\/transover.com.vn\/","logo":{"@type":"ImageObject","inLanguage":"vi","@id":"http:\/\/transover.com.vn\/#\/schema\/logo\/image\/","url":"http:\/\/transover.com.vn\/wp-content\/uploads\/2023\/07\/tourgolf-07-02.jpg","contentUrl":"http:\/\/transover.com.vn\/wp-content\/uploads\/2023\/07\/tourgolf-07-02.jpg","width":1860,"height":702,"caption":"TRANSOVER CO.,LTD."},"image":{"@id":"http:\/\/transover.com.vn\/#\/schema\/logo\/image\/"}}]}},"_links":{"self":[{"href":"https:\/\/transover.com.vn\/vi\/wp-json\/wp\/v2\/pages\/758","targetHints":{"allow":["GET"]}}],"collection":[{"href":"https:\/\/transover.com.vn\/vi\/wp-json\/wp\/v2\/pages"}],"about":[{"href":"https:\/\/transover.com.vn\/vi\/wp-json\/wp\/v2\/types\/page"}],"author":[{"embeddable":true,"href":"https:\/\/transover.com.vn\/vi\/wp-json\/wp\/v2\/users\/1"}],"replies":[{"embeddable":true,"href":"https:\/\/transover.com.vn\/vi\/wp-json\/wp\/v2\/comments?post=758"}],"version-history":[{"count":28,"href":"https:\/\/transover.com.vn\/vi\/wp-json\/wp\/v2\/pages\/758\/revisions"}],"predecessor-version":[{"id":802,"href":"https:\/\/transover.com.vn\/vi\/wp-json\/wp\/v2\/pages\/758\/revisions\/802"}],"wp:attachment":[{"href":"https:\/\/transover.com.vn\/vi\/wp-json\/wp\/v2\/media?parent=758"}],"curies":[{"name":"wp","href":"https:\/\/api.w.org\/{rel}","templated":true}]}}